{"id":349,"date":"2022-09-09T08:08:42","date_gmt":"2022-09-09T08:08:42","guid":{"rendered":"https:\/\/tainsaobrasyservicios.es\/?page_id=349"},"modified":"2022-09-09T08:08:43","modified_gmt":"2022-09-09T08:08:43","slug":"parque-eolico","status":"publish","type":"page","link":"https:\/\/tainsaobrasyservicios.es\/index.php\/parque-eolico\/","title":{"rendered":"Parque e\u00f3lico"},"content":{"rendered":"\n<p>Construcci\u00f3n de un parque e\u00f3lico realizado en la comarca de La Janda (C\u00e1diz)<\/p>\n","protected":false},"excerpt":{"rendered":"<p>Construcci\u00f3n de un parque e\u00f3lico realizado en la comarca de La Janda (C\u00e1diz)<\/p>\n","protected":false},"author":2,"featured_media":0,"parent":0,"menu_order":0,"comment_status":"closed","ping_status":"closed","template":"","meta":{"footnotes":""},"class_list":["post-349","page","type-page","status-publish","hentry"],"_links":{"self":[{"href":"https:\/\/tainsaobrasyservicios.es\/index.php\/wp-json\/wp\/v2\/pages\/349","targetHints":{"allow":["GET"]}}],"collection":[{"href":"https:\/\/tainsaobrasyservicios.es\/index.php\/wp-json\/wp\/v2\/pages"}],"about":[{"href":"https:\/\/tainsaobrasyservicios.es\/index.php\/wp-json\/wp\/v2\/types\/page"}],"author":[{"embeddable":true,"href":"https:\/\/tainsaobrasyservicios.es\/index.php\/wp-json\/wp\/v2\/users\/2"}],"replies":[{"embeddable":true,"href":"https:\/\/tainsaobrasyservicios.es\/index.php\/wp-json\/wp\/v2\/comments?post=349"}],"version-history":[{"count":1,"href":"https:\/\/tainsaobrasyservicios.es\/index.php\/wp-json\/wp\/v2\/pages\/349\/revisions"}],"predecessor-version":[{"id":356,"href":"https:\/\/tainsaobrasyservicios.es\/index.php\/wp-json\/wp\/v2\/pages\/349\/revisions\/356"}],"wp:attachment":[{"href":"https:\/\/tainsaobrasyservicios.es\/index.php\/wp-json\/wp\/v2\/media?parent=349"}],"curies":[{"name":"wp","href":"https:\/\/api.w.org\/{rel}","templated":true}]}}