{"id":357,"date":"2022-09-09T08:50:18","date_gmt":"2022-09-09T08:50:18","guid":{"rendered":"https:\/\/tainsaobrasyservicios.es\/?page_id=357"},"modified":"2022-09-09T08:50:19","modified_gmt":"2022-09-09T08:50:19","slug":"poligono-industrial-urb","status":"publish","type":"page","link":"https:\/\/tainsaobrasyservicios.es\/index.php\/poligono-industrial-urb\/","title":{"rendered":"Pol\u00edgono industrial URB"},"content":{"rendered":"\n<p>1-2; Urbanizaci\u00f3n pol\u00edgono industrial en Sevilla. 3-4; Urbanizaci\u00f3n pol\u00edgono industrial en Estepona (M\u00e1laga).<\/p>\n","protected":false},"excerpt":{"rendered":"<p>1-2; Urbanizaci\u00f3n pol\u00edgono industrial en Sevilla. 3-4; Urbanizaci\u00f3n pol\u00edgono industrial en Estepona (M\u00e1laga).<\/p>\n","protected":false},"author":2,"featured_media":0,"parent":0,"menu_order":0,"comment_status":"closed","ping_status":"closed","template":"","meta":{"footnotes":""},"class_list":["post-357","page","type-page","status-publish","hentry"],"_links":{"self":[{"href":"https:\/\/tainsaobrasyservicios.es\/index.php\/wp-json\/wp\/v2\/pages\/357","targetHints":{"allow":["GET"]}}],"collection":[{"href":"https:\/\/tainsaobrasyservicios.es\/index.php\/wp-json\/wp\/v2\/pages"}],"about":[{"href":"https:\/\/tainsaobrasyservicios.es\/index.php\/wp-json\/wp\/v2\/types\/page"}],"author":[{"embeddable":true,"href":"https:\/\/tainsaobrasyservicios.es\/index.php\/wp-json\/wp\/v2\/users\/2"}],"replies":[{"embeddable":true,"href":"https:\/\/tainsaobrasyservicios.es\/index.php\/wp-json\/wp\/v2\/comments?post=357"}],"version-history":[{"count":1,"href":"https:\/\/tainsaobrasyservicios.es\/index.php\/wp-json\/wp\/v2\/pages\/357\/revisions"}],"predecessor-version":[{"id":362,"href":"https:\/\/tainsaobrasyservicios.es\/index.php\/wp-json\/wp\/v2\/pages\/357\/revisions\/362"}],"wp:attachment":[{"href":"https:\/\/tainsaobrasyservicios.es\/index.php\/wp-json\/wp\/v2\/media?parent=357"}],"curies":[{"name":"wp","href":"https:\/\/api.w.org\/{rel}","templated":true}]}}